{"id":8155,"date":"2025-10-22T16:43:10","date_gmt":"2025-10-22T14:43:10","guid":{"rendered":"https:\/\/www.grainesdepaix.org\/the-foundation\/our-vision\/"},"modified":"2026-03-30T14:03:20","modified_gmt":"2026-03-30T12:03:20","slug":"our-vision","status":"publish","type":"page","link":"https:\/\/grainesdepaix.org\/en\/the-foundation\/our-vision\/","title":{"rendered":"Our vision"},"content":{"rendered":"\n<div class=\"wp-block-cover alignfull is-light has-custom-content-position is-position-bottom-center\" style=\"padding-top:5vh;padding-bottom:5vh;min-height:50vh;aspect-ratio:unset;\"><img loading=\"lazy\" decoding=\"async\" width=\"1320\" height=\"743\" class=\"wp-block-cover__image-background wp-image-8463 size-large\" alt=\"\" src=\"https:\/\/grainesdepaix.org\/wp-content\/uploads\/2025\/11\/vision-hero-1-1320x743.webp\" style=\"object-position:68% 0%\" data-object-fit=\"cover\" data-object-position=\"68% 0%\" srcset=\"https:\/\/grainesdepaix.org\/wp-content\/uploads\/2025\/11\/vision-hero-1-1320x743.webp 1320w, https:\/\/grainesdepaix.org\/wp-content\/uploads\/2025\/11\/vision-hero-1-660x371.webp 660w, https:\/\/grainesdepaix.org\/wp-content\/uploads\/2025\/11\/vision-hero-1-768x432.webp 768w, https:\/\/grainesdepaix.org\/wp-content\/uploads\/2025\/11\/vision-hero-1-1536x864.webp 1536w, https:\/\/grainesdepaix.org\/wp-content\/uploads\/2025\/11\/vision-hero-1.webp 1920w\" sizes=\"auto, (max-width: 1320px) 100vw, 1320px\" \/><span aria-hidden=\"true\" class=\"wp-block-cover__background has-global-primary-background-color has-background-dim-0 has-background-dim\"><\/span><div class=\"wp-block-cover__inner-container is-layout-constrained wp-block-cover-is-layout-constrained\">\n<div class=\"wp-block-columns is-layout-flex wp-container-core-columns-is-layout-28f84493 wp-block-columns-is-layout-flex\">\n<div class=\"wp-block-column has-background is-layout-flow wp-block-column-is-layout-flow\" style=\"background-color:#45669e80\">\n<p class=\"is-style-hero-header\">Helping children grow up in a changing world.<\/p>\n<\/div>\n\n\n\n<div class=\"wp-block-column is-layout-flow wp-block-column-is-layout-flow\"><\/div>\n<\/div>\n<\/div><\/div>\n\n<section class=\"wp-block-group sub-hompage-introduction is-layout-constrained wp-block-group-is-layout-constrained\">\n<h1 class=\"wp-block-heading has-text-align-center\">Our Vision<\/h1>\n\n\n\n<p class=\"has-text-align-center is-style-page-introduction\">Generations of children and young people who are attentive to others, to life, and to the planet, working together to build a fair, harmonious and sustainable world.<br><br>We believe in an education that brings together knowledge, values and civic engagement \u2014 an education that enables every child to grow in peace, fulfil their full potential, and become an active agent in shaping our shared future. Une \u00e9ducation qui permet \u00e0 chaque enfant de grandir en paix, de d\u00e9velopper pleinement son potentiel et d&#8217;exercer son pouvoir d&#8217;agir pour un avenir commun. <\/p>\n<\/section>\n\n<section class=\"wp-block-group is-layout-constrained wp-block-group-is-layout-constrained\">\n<div class=\"wp-block-media-text is-stacked-on-mobile is-image-fill-element\" style=\"grid-template-columns:44% auto\"><figure class=\"wp-block-media-text__media\"><img loading=\"lazy\" decoding=\"async\" width=\"1320\" height=\"1650\" src=\"https:\/\/grainesdepaix.org\/wp-content\/uploads\/2025\/11\/garcon-mission-unsplash-1320x1650.webp\" alt=\"Child illustrating our educational vision\" class=\"wp-image-7778 size-full\" style=\"object-position:50% 50%\" srcset=\"https:\/\/grainesdepaix.org\/wp-content\/uploads\/2025\/11\/garcon-mission-unsplash-1320x1650.webp 1320w, https:\/\/grainesdepaix.org\/wp-content\/uploads\/2025\/11\/garcon-mission-unsplash-660x825.webp 660w, https:\/\/grainesdepaix.org\/wp-content\/uploads\/2025\/11\/garcon-mission-unsplash-768x960.webp 768w, https:\/\/grainesdepaix.org\/wp-content\/uploads\/2025\/11\/garcon-mission-unsplash-1229x1536.webp 1229w, https:\/\/grainesdepaix.org\/wp-content\/uploads\/2025\/11\/garcon-mission-unsplash-1639x2048.webp 1639w, https:\/\/grainesdepaix.org\/wp-content\/uploads\/2025\/11\/garcon-mission-unsplash-scaled.webp 2048w\" sizes=\"auto, (max-width: 1320px) 100vw, 1320px\" \/><\/figure><div class=\"wp-block-media-text__content\">\n<h2 class=\"wp-block-heading has-global-fourth-color has-text-color has-link-color wp-elements-1d23dbaf4d9c40e5b7589cf4fdd03eba\">Our mission<\/h2>\n\n\n\n<p class=\"has-normal-font-size\"><strong>Our educational and societal mission<\/strong> is to help children and young people thrive at school, move beyond violent responses, and build relationships that foster peace.<br\/><br\/>We are committed to building a peaceful society.<\/p>\n\n\n\n<div class=\"wp-block-buttons is-layout-flex wp-block-buttons-is-layout-flex\">\n<div class=\"wp-block-button\"><a class=\"wp-block-button__link wp-element-button\" href=\"https:\/\/grainesdepaix.org\/en\/expertise\/our-approach\/\">Discover our educational approach<\/a><\/div>\n<\/div>\n<\/div><\/div>\n<\/section>\n\n<section class=\"wp-block-cover alignfull wp-block-cover-blockquote\" style=\"min-height:50px;aspect-ratio:unset;\"><span aria-hidden=\"true\" class=\"wp-block-cover__background has-background-dim-100 has-background-dim has-background-gradient\" style=\"background:linear-gradient(135deg,rgb(187,214,160) 0%,rgb(229,249,210) 100%)\"><\/span><div class=\"wp-block-cover__inner-container is-layout-constrained wp-block-cover-is-layout-constrained\">\n<blockquote class=\"wp-block-quote is-layout-flow wp-block-quote-is-layout-flow\">\n<p class=\"has-global-secondary-color has-text-color has-link-color has-mediumlarge-font-size wp-elements-70f157c3d1b087db5fa1f701be7f5741\" style=\"padding-top:0;padding-bottom:0\">Together, let\u2019s foster an education that prevents violence and cultivates peace.<\/p>\n<\/blockquote>\n\n\n\n<p class=\"has-global-secondary-color has-text-color has-link-color wp-elements-8f7210d16e08214b75a75f566e25bb10\"><\/p>\n<\/div><\/section>\n\n<div class=\"wp-block-media-text has-media-on-the-right is-stacked-on-mobile is-image-fill-element\" style=\"padding-top:0;padding-bottom:0\"><div class=\"wp-block-media-text__content\">\n<div style=\"height:50px\" aria-hidden=\"true\" class=\"wp-block-spacer\"><\/div>\n\n\n\n<h2 class=\"wp-block-heading has-global-fourth-color has-text-color has-link-color wp-elements-a7c0e71348fbc3f57164e0a8f9d3c7f4\">Our values<\/h2>\n\n\n\n<p class=\"has-normal-font-size\">Our mission is based on human and social values that guide our educational action and our relationships with those involved in education.<\/p>\n\n\n\n<p class=\"has-normal-font-size\"><strong>Human values<\/strong><br\/>Consideration, reciprocity, listening, dialogue and mutual support are at the heart of our approach. They foster respectful, constructive relations between children, young people and adults, and encourage everyone to become a player in more peaceful relationships. <\/p>\n\n\n\n<p class=\"has-normal-font-size\"><strong>Social values<\/strong><br\/>Inclusiveness, equity, especially between girls and boys, and mutual respect guide the educational environments we promote. Violence in all its forms is unacceptable. The principle of zero violence is at the heart of our approach.  <\/p>\n\n\n\n<div style=\"height:50px\" aria-hidden=\"true\" class=\"wp-block-spacer\"><\/div>\n<\/div><figure class=\"wp-block-media-text__media\"><img loading=\"lazy\" decoding=\"async\" width=\"1320\" height=\"880\" src=\"https:\/\/grainesdepaix.org\/wp-content\/uploads\/2025\/08\/fille-class-1320x880.webp\" alt=\"\" class=\"wp-image-5223 size-full\" style=\"object-position:50% 50%\" srcset=\"https:\/\/grainesdepaix.org\/wp-content\/uploads\/2025\/08\/fille-class-1320x880.webp 1320w, https:\/\/grainesdepaix.org\/wp-content\/uploads\/2025\/08\/fille-class-660x440.webp 660w, https:\/\/grainesdepaix.org\/wp-content\/uploads\/2025\/08\/fille-class-768x512.webp 768w, https:\/\/grainesdepaix.org\/wp-content\/uploads\/2025\/08\/fille-class-1536x1024.webp 1536w, https:\/\/grainesdepaix.org\/wp-content\/uploads\/2025\/08\/fille-class-2048x1366.webp 2048w, https:\/\/grainesdepaix.org\/wp-content\/uploads\/2025\/08\/fille-class-600x400.webp 600w\" sizes=\"auto, (max-width: 1320px) 100vw, 1320px\" \/><\/figure><\/div>\n\n<div style=\"height:100px\" aria-hidden=\"true\" class=\"wp-block-spacer\"><\/div>\n\n<div class=\"wp-block-media-text is-stacked-on-mobile is-image-fill-element\" style=\"grid-template-columns:44% auto\"><figure class=\"wp-block-media-text__media\"><img loading=\"lazy\" decoding=\"async\" width=\"1320\" height=\"983\" src=\"https:\/\/grainesdepaix.org\/wp-content\/uploads\/2026\/03\/vision-engagement-unsplash-1320x983.webp\" alt=\"Children working together on a school activity\" class=\"wp-image-13480 size-full\" style=\"object-position:50% 50%\" srcset=\"https:\/\/grainesdepaix.org\/wp-content\/uploads\/2026\/03\/vision-engagement-unsplash-1320x983.webp 1320w, https:\/\/grainesdepaix.org\/wp-content\/uploads\/2026\/03\/vision-engagement-unsplash-660x491.webp 660w, https:\/\/grainesdepaix.org\/wp-content\/uploads\/2026\/03\/vision-engagement-unsplash-768x572.webp 768w, https:\/\/grainesdepaix.org\/wp-content\/uploads\/2026\/03\/vision-engagement-unsplash-1536x1144.webp 1536w, https:\/\/grainesdepaix.org\/wp-content\/uploads\/2026\/03\/vision-engagement-unsplash-2048x1525.webp 2048w\" sizes=\"auto, (max-width: 1320px) 100vw, 1320px\" \/><\/figure><div class=\"wp-block-media-text__content\">\n<h2 class=\"wp-block-heading has-global-fourth-color has-text-color has-link-color wp-elements-79d61d13db9b2fd181e5026884499a29\">Our commitments<\/h2>\n\n\n\n<p class=\"has-normal-font-size\">We are committed to :<\/p>\n\n\n\n<ol class=\"wp-block-list\">\n<li class=\"has-normal-font-size\"><strong>Transforming educational practices<\/strong> to meet the academic, social and environmental needs of our society.<\/li>\n\n\n\n<li class=\"has-normal-font-size\">Strengthen the skills, attitudes and practices of teachers, parents and education stakeholders to promote success, personal development and violence prevention.<\/li>\n\n\n\n<li class=\"has-normal-font-size\"><strong>Develop the human values and life skills <\/strong>of children and young people to build peace, prevent radicalization and preserve life.<\/li>\n\n\n\n<li class=\"has-normal-font-size\"><strong>Support the evolution of education systems<\/strong> towards more inclusive, equitable and sustainable environments.<\/li>\n<\/ol>\n<\/div><\/div>\n\n<section class=\"wp-block-group is-layout-constrained wp-block-group-is-layout-constrained\"\/>\n\n<div class=\"wp-block-cover alignfull is-light\" style=\"min-height:50px;aspect-ratio:unset;\"><img decoding=\"async\" class=\"wp-block-cover__image-background wp-image-5412 size-full\" alt=\"\" src=\"https:\/\/grainesdepaix.org\/wp-content\/uploads\/\/2025\/08\/graines-de-paix-oiseau-seul-25.svg\" style=\"object-position:48% 22%\" data-object-fit=\"cover\" data-object-position=\"48% 22%\"\/><span aria-hidden=\"true\" class=\"wp-block-cover__background has-background-dim-30 has-background-dim\" style=\"background-color:#ffde5b\"><\/span><div class=\"wp-block-cover__inner-container is-layout-constrained wp-block-cover-is-layout-constrained\">\n<div class=\"wp-block-columns is-layout-flex wp-container-core-columns-is-layout-28f84493 wp-block-columns-is-layout-flex\">\n<div class=\"wp-block-column is-layout-flow wp-block-column-is-layout-flow\" style=\"flex-basis:33.33%\">\n<figure class=\"wp-block-image size-large\"><img decoding=\"async\" src=\"https:\/\/grainesdepaix.org\/wp-content\/uploads\/\/2025\/08\/graines-de-paix-oiseau-seul.svg\" alt=\"\" class=\"wp-image-5400\"\/><\/figure>\n<\/div>\n\n\n\n<div class=\"wp-block-column is-vertically-aligned-center is-layout-flow wp-block-column-is-layout-flow\" style=\"flex-basis:66.67%\">\n<p class=\"has-global-secondary-color has-text-color has-link-color has-medium-font-size wp-elements-6972e60731d7bab8d7b06d65d2b4b97c\" style=\"line-height:1.2\"><strong>Support an educational vision that builds a peaceful future.<\/strong><\/p>\n\n\n\n<div class=\"wp-block-buttons secondary-color-button is-layout-flex wp-block-buttons-is-layout-flex\">\n<div class=\"wp-block-button\"><a class=\"wp-block-button__link has-white-color has-global-secondary-background-color has-text-color has-background has-link-color wp-element-button\" href=\"https:\/\/www.grainesdepaix.org\/agir-avec-nous\/faire-un-don\/\">Make a donation <\/a><\/div>\n<\/div>\n<\/div>\n<\/div>\n<\/div><\/div>\n","protected":false},"excerpt":{"rendered":"<p>Our mission Our educational and societal mission is to help children and young people thrive at school, move beyond violent [&hellip;]<\/p>\n","protected":false},"author":1,"featured_media":5688,"parent":4964,"menu_order":0,"comment_status":"closed","ping_status":"closed","template":"templates\/page-no-title.php","meta":{"_acf_changed":false,"inline_featured_image":false,"footnotes":""},"class_list":["post-8155","page","type-page","status-publish","has-post-thumbnail","hentry"],"acf":[],"yoast_head":"<!-- This site is optimized with the Yoast SEO plugin v27.3 - https:\/\/yoast.com\/product\/yoast-seo-wordpress\/ -->\n<title>Our vision | Graines de Paix<\/title>\n<meta name=\"description\" content=\"Graines de Paix\u2019s vision: an education that transforms behavior, strengthens social cohesion, and prepares children for today\u2019s human challenges.\" \/>\n<meta name=\"robots\" content=\"index, follow, max-snippet:-1, max-image-preview:large, max-video-preview:-1\" \/>\n<link rel=\"canonical\" href=\"https:\/\/grainesdepaix.org\/en\/the-foundation\/our-vision\/\" \/>\n<meta property=\"og:locale\" content=\"en_US\" \/>\n<meta property=\"og:type\" content=\"article\" \/>\n<meta property=\"og:title\" content=\"Our vision | Graines de Paix\" \/>\n<meta property=\"og:description\" content=\"Graines de Paix\u2019s vision: an education that transforms behavior, strengthens social cohesion, and prepares children for today\u2019s human challenges.\" \/>\n<meta property=\"og:url\" content=\"https:\/\/grainesdepaix.org\/en\/the-foundation\/our-vision\/\" \/>\n<meta property=\"og:site_name\" content=\"Fondation Graines de Paix\" \/>\n<meta property=\"article:publisher\" content=\"https:\/\/www.facebook.com\/grainesdepaix.int\/?locale=fr_FR\" \/>\n<meta property=\"article:modified_time\" content=\"2026-03-30T12:03:20+00:00\" \/>\n<meta property=\"og:image\" content=\"https:\/\/grainesdepaix.org\/wp-content\/uploads\/2025\/08\/groupe-d-eleve-scaled.webp\" \/>\n\t<meta property=\"og:image:width\" content=\"2560\" \/>\n\t<meta property=\"og:image:height\" content=\"1707\" \/>\n\t<meta property=\"og:image:type\" content=\"image\/webp\" \/>\n<meta name=\"twitter:card\" content=\"summary_large_image\" \/>\n<meta name=\"twitter:label1\" content=\"Est. reading time\" \/>\n\t<meta name=\"twitter:data1\" content=\"3 minutes\" \/>\n<script type=\"application\/ld+json\" class=\"yoast-schema-graph\">{\"@context\":\"https:\\\/\\\/schema.org\",\"@graph\":[{\"@type\":\"WebPage\",\"@id\":\"https:\\\/\\\/grainesdepaix.org\\\/en\\\/the-foundation\\\/our-vision\\\/\",\"url\":\"https:\\\/\\\/grainesdepaix.org\\\/en\\\/the-foundation\\\/our-vision\\\/\",\"name\":\"Our vision | Graines de Paix\",\"isPartOf\":{\"@id\":\"https:\\\/\\\/grainesdepaix.org\\\/en\\\/#website\"},\"primaryImageOfPage\":{\"@id\":\"https:\\\/\\\/grainesdepaix.org\\\/en\\\/the-foundation\\\/our-vision\\\/#primaryimage\"},\"image\":{\"@id\":\"https:\\\/\\\/grainesdepaix.org\\\/en\\\/the-foundation\\\/our-vision\\\/#primaryimage\"},\"thumbnailUrl\":\"https:\\\/\\\/grainesdepaix.org\\\/wp-content\\\/uploads\\\/2025\\\/08\\\/groupe-d-eleve-scaled.webp\",\"datePublished\":\"2025-10-22T14:43:10+00:00\",\"dateModified\":\"2026-03-30T12:03:20+00:00\",\"description\":\"Graines de Paix\u2019s vision: an education that transforms behavior, strengthens social cohesion, and prepares children for today\u2019s human challenges.\",\"breadcrumb\":{\"@id\":\"https:\\\/\\\/grainesdepaix.org\\\/en\\\/the-foundation\\\/our-vision\\\/#breadcrumb\"},\"inLanguage\":\"en-US\",\"potentialAction\":[{\"@type\":\"ReadAction\",\"target\":[\"https:\\\/\\\/grainesdepaix.org\\\/en\\\/the-foundation\\\/our-vision\\\/\"]}]},{\"@type\":\"ImageObject\",\"inLanguage\":\"en-US\",\"@id\":\"https:\\\/\\\/grainesdepaix.org\\\/en\\\/the-foundation\\\/our-vision\\\/#primaryimage\",\"url\":\"https:\\\/\\\/grainesdepaix.org\\\/wp-content\\\/uploads\\\/2025\\\/08\\\/groupe-d-eleve-scaled.webp\",\"contentUrl\":\"https:\\\/\\\/grainesdepaix.org\\\/wp-content\\\/uploads\\\/2025\\\/08\\\/groupe-d-eleve-scaled.webp\",\"width\":2560,\"height\":1707},{\"@type\":\"BreadcrumbList\",\"@id\":\"https:\\\/\\\/grainesdepaix.org\\\/en\\\/the-foundation\\\/our-vision\\\/#breadcrumb\",\"itemListElement\":[{\"@type\":\"ListItem\",\"position\":1,\"name\":\"Home\",\"item\":\"https:\\\/\\\/grainesdepaix.org\\\/en\\\/\"},{\"@type\":\"ListItem\",\"position\":2,\"name\":\"About us\",\"item\":\"https:\\\/\\\/grainesdepaix.org\\\/en\\\/qui-sommes-nous\\\/\"},{\"@type\":\"ListItem\",\"position\":3,\"name\":\"Our vision\"}]},{\"@type\":\"WebSite\",\"@id\":\"https:\\\/\\\/grainesdepaix.org\\\/en\\\/#website\",\"url\":\"https:\\\/\\\/grainesdepaix.org\\\/en\\\/\",\"name\":\"Fondation Graines de Paix\",\"description\":\"Un site utilisant WordPress\",\"publisher\":{\"@id\":\"https:\\\/\\\/grainesdepaix.org\\\/en\\\/#organization\"},\"potentialAction\":[{\"@type\":\"SearchAction\",\"target\":{\"@type\":\"EntryPoint\",\"urlTemplate\":\"https:\\\/\\\/grainesdepaix.org\\\/en\\\/?s={search_term_string}\"},\"query-input\":{\"@type\":\"PropertyValueSpecification\",\"valueRequired\":true,\"valueName\":\"search_term_string\"}}],\"inLanguage\":\"en-US\"},{\"@type\":\"Organization\",\"@id\":\"https:\\\/\\\/grainesdepaix.org\\\/en\\\/#organization\",\"name\":\"Fondation Graines de Paix\",\"url\":\"https:\\\/\\\/grainesdepaix.org\\\/en\\\/\",\"logo\":{\"@type\":\"ImageObject\",\"inLanguage\":\"en-US\",\"@id\":\"https:\\\/\\\/grainesdepaix.org\\\/en\\\/#\\\/schema\\\/logo\\\/image\\\/\",\"url\":\"https:\\\/\\\/www.grainesdepaix.org\\\/wp-content\\\/uploads\\\/2025\\\/10\\\/logo-carre-graines-de-paix.webp\",\"contentUrl\":\"https:\\\/\\\/www.grainesdepaix.org\\\/wp-content\\\/uploads\\\/2025\\\/10\\\/logo-carre-graines-de-paix.webp\",\"width\":1226,\"height\":1473,\"caption\":\"Fondation Graines de Paix\"},\"image\":{\"@id\":\"https:\\\/\\\/grainesdepaix.org\\\/en\\\/#\\\/schema\\\/logo\\\/image\\\/\"},\"sameAs\":[\"https:\\\/\\\/www.facebook.com\\\/grainesdepaix.int\\\/?locale=fr_FR\",\"https:\\\/\\\/www.youtube.com\\\/channel\\\/UCw3AKtI902UwNVdhhWjFg1w\",\"https:\\\/\\\/www.linkedin.com\\\/company\\\/grainesdepaix\\\/\",\"https:\\\/\\\/www.instagram.com\\\/grainesdepaix.international\\\/?hl=fr\"]}]}<\/script>\n<!-- \/ Yoast SEO plugin. -->","yoast_head_json":{"title":"Our vision | Graines de Paix","description":"Graines de Paix\u2019s vision: an education that transforms behavior, strengthens social cohesion, and prepares children for today\u2019s human challenges.","robots":{"index":"index","follow":"follow","max-snippet":"max-snippet:-1","max-image-preview":"max-image-preview:large","max-video-preview":"max-video-preview:-1"},"canonical":"https:\/\/grainesdepaix.org\/en\/the-foundation\/our-vision\/","og_locale":"en_US","og_type":"article","og_title":"Our vision | Graines de Paix","og_description":"Graines de Paix\u2019s vision: an education that transforms behavior, strengthens social cohesion, and prepares children for today\u2019s human challenges.","og_url":"https:\/\/grainesdepaix.org\/en\/the-foundation\/our-vision\/","og_site_name":"Fondation Graines de Paix","article_publisher":"https:\/\/www.facebook.com\/grainesdepaix.int\/?locale=fr_FR","article_modified_time":"2026-03-30T12:03:20+00:00","og_image":[{"width":2560,"height":1707,"url":"https:\/\/grainesdepaix.org\/wp-content\/uploads\/2025\/08\/groupe-d-eleve-scaled.webp","type":"image\/webp"}],"twitter_card":"summary_large_image","twitter_misc":{"Est. reading time":"3 minutes"},"schema":{"@context":"https:\/\/schema.org","@graph":[{"@type":"WebPage","@id":"https:\/\/grainesdepaix.org\/en\/the-foundation\/our-vision\/","url":"https:\/\/grainesdepaix.org\/en\/the-foundation\/our-vision\/","name":"Our vision | Graines de Paix","isPartOf":{"@id":"https:\/\/grainesdepaix.org\/en\/#website"},"primaryImageOfPage":{"@id":"https:\/\/grainesdepaix.org\/en\/the-foundation\/our-vision\/#primaryimage"},"image":{"@id":"https:\/\/grainesdepaix.org\/en\/the-foundation\/our-vision\/#primaryimage"},"thumbnailUrl":"https:\/\/grainesdepaix.org\/wp-content\/uploads\/2025\/08\/groupe-d-eleve-scaled.webp","datePublished":"2025-10-22T14:43:10+00:00","dateModified":"2026-03-30T12:03:20+00:00","description":"Graines de Paix\u2019s vision: an education that transforms behavior, strengthens social cohesion, and prepares children for today\u2019s human challenges.","breadcrumb":{"@id":"https:\/\/grainesdepaix.org\/en\/the-foundation\/our-vision\/#breadcrumb"},"inLanguage":"en-US","potentialAction":[{"@type":"ReadAction","target":["https:\/\/grainesdepaix.org\/en\/the-foundation\/our-vision\/"]}]},{"@type":"ImageObject","inLanguage":"en-US","@id":"https:\/\/grainesdepaix.org\/en\/the-foundation\/our-vision\/#primaryimage","url":"https:\/\/grainesdepaix.org\/wp-content\/uploads\/2025\/08\/groupe-d-eleve-scaled.webp","contentUrl":"https:\/\/grainesdepaix.org\/wp-content\/uploads\/2025\/08\/groupe-d-eleve-scaled.webp","width":2560,"height":1707},{"@type":"BreadcrumbList","@id":"https:\/\/grainesdepaix.org\/en\/the-foundation\/our-vision\/#breadcrumb","itemListElement":[{"@type":"ListItem","position":1,"name":"Home","item":"https:\/\/grainesdepaix.org\/en\/"},{"@type":"ListItem","position":2,"name":"About us","item":"https:\/\/grainesdepaix.org\/en\/qui-sommes-nous\/"},{"@type":"ListItem","position":3,"name":"Our vision"}]},{"@type":"WebSite","@id":"https:\/\/grainesdepaix.org\/en\/#website","url":"https:\/\/grainesdepaix.org\/en\/","name":"Fondation Graines de Paix","description":"Un site utilisant WordPress","publisher":{"@id":"https:\/\/grainesdepaix.org\/en\/#organization"},"potentialAction":[{"@type":"SearchAction","target":{"@type":"EntryPoint","urlTemplate":"https:\/\/grainesdepaix.org\/en\/?s={search_term_string}"},"query-input":{"@type":"PropertyValueSpecification","valueRequired":true,"valueName":"search_term_string"}}],"inLanguage":"en-US"},{"@type":"Organization","@id":"https:\/\/grainesdepaix.org\/en\/#organization","name":"Fondation Graines de Paix","url":"https:\/\/grainesdepaix.org\/en\/","logo":{"@type":"ImageObject","inLanguage":"en-US","@id":"https:\/\/grainesdepaix.org\/en\/#\/schema\/logo\/image\/","url":"https:\/\/www.grainesdepaix.org\/wp-content\/uploads\/2025\/10\/logo-carre-graines-de-paix.webp","contentUrl":"https:\/\/www.grainesdepaix.org\/wp-content\/uploads\/2025\/10\/logo-carre-graines-de-paix.webp","width":1226,"height":1473,"caption":"Fondation Graines de Paix"},"image":{"@id":"https:\/\/grainesdepaix.org\/en\/#\/schema\/logo\/image\/"},"sameAs":["https:\/\/www.facebook.com\/grainesdepaix.int\/?locale=fr_FR","https:\/\/www.youtube.com\/channel\/UCw3AKtI902UwNVdhhWjFg1w","https:\/\/www.linkedin.com\/company\/grainesdepaix\/","https:\/\/www.instagram.com\/grainesdepaix.international\/?hl=fr"]}]}},"_links":{"self":[{"href":"https:\/\/grainesdepaix.org\/en\/wp-json\/wp\/v2\/pages\/8155","targetHints":{"allow":["GET"]}}],"collection":[{"href":"https:\/\/grainesdepaix.org\/en\/wp-json\/wp\/v2\/pages"}],"about":[{"href":"https:\/\/grainesdepaix.org\/en\/wp-json\/wp\/v2\/types\/page"}],"author":[{"embeddable":true,"href":"https:\/\/grainesdepaix.org\/en\/wp-json\/wp\/v2\/users\/1"}],"replies":[{"embeddable":true,"href":"https:\/\/grainesdepaix.org\/en\/wp-json\/wp\/v2\/comments?post=8155"}],"version-history":[{"count":25,"href":"https:\/\/grainesdepaix.org\/en\/wp-json\/wp\/v2\/pages\/8155\/revisions"}],"predecessor-version":[{"id":13502,"href":"https:\/\/grainesdepaix.org\/en\/wp-json\/wp\/v2\/pages\/8155\/revisions\/13502"}],"up":[{"embeddable":true,"href":"https:\/\/grainesdepaix.org\/en\/wp-json\/wp\/v2\/pages\/4964"}],"wp:featuredmedia":[{"embeddable":true,"href":"https:\/\/grainesdepaix.org\/en\/wp-json\/wp\/v2\/media\/5688"}],"wp:attachment":[{"href":"https:\/\/grainesdepaix.org\/en\/wp-json\/wp\/v2\/media?parent=8155"}],"curies":[{"name":"wp","href":"https:\/\/api.w.org\/{rel}","templated":true}]}}